{"id":8,"date":"2018-08-07T19:22:53","date_gmt":"2018-08-07T19:22:53","guid":{"rendered":"http:\/\/test-hawser.es\/inglessa\/?page_id=8"},"modified":"2025-04-20T12:06:15","modified_gmt":"2025-04-20T12:06:15","slug":"academia-de-ingles-tenerife-3","status":"publish","type":"page","link":"https:\/\/academia-de-ingles-alex-bell.com\/","title":{"rendered":"Inglessa"},"content":{"rendered":"","protected":false},"excerpt":{"rendered":"","protected":false},"author":1,"featured_media":72923,"parent":0,"menu_order":0,"comment_status":"closed","ping_status":"closed","template":"","meta":{"_joinchat":{"telephone":"+34611021207","message_text":"\u00bfQu\u00e9 nivel de ingl\u00e9s quieres conseguir? (A2, B1, B2, C1..)"},"footnotes":""},"class_list":["post-8","page","type-page","status-publish","has-post-thumbnail","hentry"],"yoast_head":"<!-- This site is optimized with the Yoast SEO plugin v27.4 - https:\/\/yoast.com\/product\/yoast-seo-wordpress\/ -->\n<title>\u25b7 ACADEMIA DE INGL\u00c9S en La Laguna y Santa Cruz de Tenerife<\/title>\n<meta name=\"description\" content=\"Academia de Ingl\u00e9s en La Laguna y Santa Cruz de Tenerife. Clases de Ingl\u00e9s en Tenerife. Cursos intensivos para todos los niveles.\" \/>\n<meta name=\"robots\" content=\"index, follow, max-snippet:-1, max-image-preview:large, max-video-preview:-1\" \/>\n<link rel=\"canonical\" href=\"https:\/\/academia-de-ingles-alex-bell.com\/\" \/>\n<meta property=\"og:locale\" content=\"es_ES\" \/>\n<meta property=\"og:type\" content=\"article\" \/>\n<meta property=\"og:title\" content=\"Inglessa | Academia de Ingl\u00e9s\" \/>\n<meta property=\"og:description\" content=\"Academia de Ingl\u00e9s en La Laguna y Santa Cruz de Tenerife. Clases de Ingl\u00e9s en Tenerife. Cursos intensivos para todos los niveles.\" \/>\n<meta property=\"og:url\" content=\"https:\/\/academia-de-ingles-alex-bell.com\/\" \/>\n<meta property=\"og:site_name\" content=\"Inglessa\" \/>\n<meta property=\"article:publisher\" content=\"https:\/\/www.facebook.com\/inglessatenerife\/\" \/>\n<meta property=\"article:modified_time\" content=\"2025-04-20T12:06:15+00:00\" \/>\n<meta property=\"og:image\" content=\"https:\/\/academia-de-ingles-alex-bell.com\/wp-content\/uploads\/2022\/01\/transparent.png\" \/>\n\t<meta property=\"og:image:width\" content=\"2558\" \/>\n\t<meta property=\"og:image:height\" content=\"2558\" \/>\n\t<meta property=\"og:image:type\" content=\"image\/png\" \/>\n<meta name=\"twitter:card\" content=\"summary_large_image\" \/>\n<meta name=\"twitter:label1\" content=\"Tiempo de lectura\" \/>\n\t<meta name=\"twitter:data1\" content=\"27 minutos\" \/>\n<script type=\"application\/ld+json\" class=\"yoast-schema-graph\">{\"@context\":\"https:\\\/\\\/schema.org\",\"@graph\":[{\"@type\":\"WebPage\",\"@id\":\"https:\\\/\\\/academia-de-ingles-alex-bell.com\\\/\",\"url\":\"https:\\\/\\\/academia-de-ingles-alex-bell.com\\\/\",\"name\":\"\u25b7 ACADEMIA DE INGL\u00c9S en La Laguna y Santa Cruz de Tenerife\",\"isPartOf\":{\"@id\":\"https:\\\/\\\/academia-de-ingles-alex-bell.com\\\/#website\"},\"primaryImageOfPage\":{\"@id\":\"https:\\\/\\\/academia-de-ingles-alex-bell.com\\\/#primaryimage\"},\"image\":{\"@id\":\"https:\\\/\\\/academia-de-ingles-alex-bell.com\\\/#primaryimage\"},\"thumbnailUrl\":\"https:\\\/\\\/academia-de-ingles-alex-bell.com\\\/wp-content\\\/uploads\\\/2023\\\/01\\\/British-Flag.png\",\"datePublished\":\"2018-08-07T19:22:53+00:00\",\"dateModified\":\"2025-04-20T12:06:15+00:00\",\"description\":\"Academia de Ingl\u00e9s en La Laguna y Santa Cruz de Tenerife. Clases de Ingl\u00e9s en Tenerife. Cursos intensivos para todos los niveles.\",\"breadcrumb\":{\"@id\":\"https:\\\/\\\/academia-de-ingles-alex-bell.com\\\/#breadcrumb\"},\"inLanguage\":\"es\",\"potentialAction\":[{\"@type\":\"ReadAction\",\"target\":[\"https:\\\/\\\/academia-de-ingles-alex-bell.com\\\/\"]}]},{\"@type\":\"ImageObject\",\"inLanguage\":\"es\",\"@id\":\"https:\\\/\\\/academia-de-ingles-alex-bell.com\\\/#primaryimage\",\"url\":\"https:\\\/\\\/academia-de-ingles-alex-bell.com\\\/wp-content\\\/uploads\\\/2023\\\/01\\\/British-Flag.png\",\"contentUrl\":\"https:\\\/\\\/academia-de-ingles-alex-bell.com\\\/wp-content\\\/uploads\\\/2023\\\/01\\\/British-Flag.png\",\"width\":1080,\"height\":1080,\"caption\":\"Ingl\u00e9s Tenerife\"},{\"@type\":\"BreadcrumbList\",\"@id\":\"https:\\\/\\\/academia-de-ingles-alex-bell.com\\\/#breadcrumb\",\"itemListElement\":[{\"@type\":\"ListItem\",\"position\":1,\"name\":\"Portada\",\"item\":\"https:\\\/\\\/academia-de-ingles-alex-bell.com\\\/\"},{\"@type\":\"ListItem\",\"position\":2,\"name\":\"Inglessa\"}]},{\"@type\":\"WebSite\",\"@id\":\"https:\\\/\\\/academia-de-ingles-alex-bell.com\\\/#website\",\"url\":\"https:\\\/\\\/academia-de-ingles-alex-bell.com\\\/\",\"name\":\"Inglessa\",\"description\":\"\",\"publisher\":{\"@id\":\"https:\\\/\\\/academia-de-ingles-alex-bell.com\\\/#organization\"},\"potentialAction\":[{\"@type\":\"SearchAction\",\"target\":{\"@type\":\"EntryPoint\",\"urlTemplate\":\"https:\\\/\\\/academia-de-ingles-alex-bell.com\\\/?s={search_term_string}\"},\"query-input\":{\"@type\":\"PropertyValueSpecification\",\"valueRequired\":true,\"valueName\":\"search_term_string\"}}],\"inLanguage\":\"es\"},{\"@type\":\"Organization\",\"@id\":\"https:\\\/\\\/academia-de-ingles-alex-bell.com\\\/#organization\",\"name\":\"Inglessa\",\"url\":\"https:\\\/\\\/academia-de-ingles-alex-bell.com\\\/\",\"logo\":{\"@type\":\"ImageObject\",\"inLanguage\":\"es\",\"@id\":\"https:\\\/\\\/academia-de-ingles-alex-bell.com\\\/#\\\/schema\\\/logo\\\/image\\\/\",\"url\":\"http:\\\/\\\/academia-de-ingles-alex-bell.com\\\/wp-content\\\/uploads\\\/2018\\\/08\\\/modelo-web-formato-oro3.png\",\"contentUrl\":\"http:\\\/\\\/academia-de-ingles-alex-bell.com\\\/wp-content\\\/uploads\\\/2018\\\/08\\\/modelo-web-formato-oro3.png\",\"width\":237,\"height\":64,\"caption\":\"Inglessa\"},\"image\":{\"@id\":\"https:\\\/\\\/academia-de-ingles-alex-bell.com\\\/#\\\/schema\\\/logo\\\/image\\\/\"},\"sameAs\":[\"https:\\\/\\\/www.facebook.com\\\/inglessatenerife\\\/\"]}]}<\/script>\n<!-- \/ Yoast SEO plugin. -->","yoast_head_json":{"title":"\u25b7 ACADEMIA DE INGL\u00c9S en La Laguna y Santa Cruz de Tenerife","description":"Academia de Ingl\u00e9s en La Laguna y Santa Cruz de Tenerife. Clases de Ingl\u00e9s en Tenerife. Cursos intensivos para todos los niveles.","robots":{"index":"index","follow":"follow","max-snippet":"max-snippet:-1","max-image-preview":"max-image-preview:large","max-video-preview":"max-video-preview:-1"},"canonical":"https:\/\/academia-de-ingles-alex-bell.com\/","og_locale":"es_ES","og_type":"article","og_title":"Inglessa | Academia de Ingl\u00e9s","og_description":"Academia de Ingl\u00e9s en La Laguna y Santa Cruz de Tenerife. Clases de Ingl\u00e9s en Tenerife. Cursos intensivos para todos los niveles.","og_url":"https:\/\/academia-de-ingles-alex-bell.com\/","og_site_name":"Inglessa","article_publisher":"https:\/\/www.facebook.com\/inglessatenerife\/","article_modified_time":"2025-04-20T12:06:15+00:00","og_image":[{"width":2558,"height":2558,"url":"https:\/\/academia-de-ingles-alex-bell.com\/wp-content\/uploads\/2022\/01\/transparent.png","type":"image\/png"}],"twitter_card":"summary_large_image","twitter_misc":{"Tiempo de lectura":"27 minutos"},"schema":{"@context":"https:\/\/schema.org","@graph":[{"@type":"WebPage","@id":"https:\/\/academia-de-ingles-alex-bell.com\/","url":"https:\/\/academia-de-ingles-alex-bell.com\/","name":"\u25b7 ACADEMIA DE INGL\u00c9S en La Laguna y Santa Cruz de Tenerife","isPartOf":{"@id":"https:\/\/academia-de-ingles-alex-bell.com\/#website"},"primaryImageOfPage":{"@id":"https:\/\/academia-de-ingles-alex-bell.com\/#primaryimage"},"image":{"@id":"https:\/\/academia-de-ingles-alex-bell.com\/#primaryimage"},"thumbnailUrl":"https:\/\/academia-de-ingles-alex-bell.com\/wp-content\/uploads\/2023\/01\/British-Flag.png","datePublished":"2018-08-07T19:22:53+00:00","dateModified":"2025-04-20T12:06:15+00:00","description":"Academia de Ingl\u00e9s en La Laguna y Santa Cruz de Tenerife. Clases de Ingl\u00e9s en Tenerife. Cursos intensivos para todos los niveles.","breadcrumb":{"@id":"https:\/\/academia-de-ingles-alex-bell.com\/#breadcrumb"},"inLanguage":"es","potentialAction":[{"@type":"ReadAction","target":["https:\/\/academia-de-ingles-alex-bell.com\/"]}]},{"@type":"ImageObject","inLanguage":"es","@id":"https:\/\/academia-de-ingles-alex-bell.com\/#primaryimage","url":"https:\/\/academia-de-ingles-alex-bell.com\/wp-content\/uploads\/2023\/01\/British-Flag.png","contentUrl":"https:\/\/academia-de-ingles-alex-bell.com\/wp-content\/uploads\/2023\/01\/British-Flag.png","width":1080,"height":1080,"caption":"Ingl\u00e9s Tenerife"},{"@type":"BreadcrumbList","@id":"https:\/\/academia-de-ingles-alex-bell.com\/#breadcrumb","itemListElement":[{"@type":"ListItem","position":1,"name":"Portada","item":"https:\/\/academia-de-ingles-alex-bell.com\/"},{"@type":"ListItem","position":2,"name":"Inglessa"}]},{"@type":"WebSite","@id":"https:\/\/academia-de-ingles-alex-bell.com\/#website","url":"https:\/\/academia-de-ingles-alex-bell.com\/","name":"Inglessa","description":"","publisher":{"@id":"https:\/\/academia-de-ingles-alex-bell.com\/#organization"},"potentialAction":[{"@type":"SearchAction","target":{"@type":"EntryPoint","urlTemplate":"https:\/\/academia-de-ingles-alex-bell.com\/?s={search_term_string}"},"query-input":{"@type":"PropertyValueSpecification","valueRequired":true,"valueName":"search_term_string"}}],"inLanguage":"es"},{"@type":"Organization","@id":"https:\/\/academia-de-ingles-alex-bell.com\/#organization","name":"Inglessa","url":"https:\/\/academia-de-ingles-alex-bell.com\/","logo":{"@type":"ImageObject","inLanguage":"es","@id":"https:\/\/academia-de-ingles-alex-bell.com\/#\/schema\/logo\/image\/","url":"http:\/\/academia-de-ingles-alex-bell.com\/wp-content\/uploads\/2018\/08\/modelo-web-formato-oro3.png","contentUrl":"http:\/\/academia-de-ingles-alex-bell.com\/wp-content\/uploads\/2018\/08\/modelo-web-formato-oro3.png","width":237,"height":64,"caption":"Inglessa"},"image":{"@id":"https:\/\/academia-de-ingles-alex-bell.com\/#\/schema\/logo\/image\/"},"sameAs":["https:\/\/www.facebook.com\/inglessatenerife\/"]}]}},"_links":{"self":[{"href":"https:\/\/academia-de-ingles-alex-bell.com\/index.php?rest_route=\/wp\/v2\/pages\/8","targetHints":{"allow":["GET"]}}],"collection":[{"href":"https:\/\/academia-de-ingles-alex-bell.com\/index.php?rest_route=\/wp\/v2\/pages"}],"about":[{"href":"https:\/\/academia-de-ingles-alex-bell.com\/index.php?rest_route=\/wp\/v2\/types\/page"}],"author":[{"embeddable":true,"href":"https:\/\/academia-de-ingles-alex-bell.com\/index.php?rest_route=\/wp\/v2\/users\/1"}],"replies":[{"embeddable":true,"href":"https:\/\/academia-de-ingles-alex-bell.com\/index.php?rest_route=%2Fwp%2Fv2%2Fcomments&post=8"}],"version-history":[{"count":1,"href":"https:\/\/academia-de-ingles-alex-bell.com\/index.php?rest_route=\/wp\/v2\/pages\/8\/revisions"}],"predecessor-version":[{"id":68473,"href":"https:\/\/academia-de-ingles-alex-bell.com\/index.php?rest_route=\/wp\/v2\/pages\/8\/revisions\/68473"}],"wp:featuredmedia":[{"embeddable":true,"href":"https:\/\/academia-de-ingles-alex-bell.com\/index.php?rest_route=\/wp\/v2\/media\/72923"}],"wp:attachment":[{"href":"https:\/\/academia-de-ingles-alex-bell.com\/index.php?rest_route=%2Fwp%2Fv2%2Fmedia&parent=8"}],"curies":[{"name":"wp","href":"https:\/\/api.w.org\/{rel}","templated":true}]}}