{"id":74247,"date":"2024-08-04T13:55:35","date_gmt":"2024-08-04T13:55:35","guid":{"rendered":"https:\/\/academia-de-ingles-alex-bell.com\/?page_id=74247"},"modified":"2025-04-20T21:11:29","modified_gmt":"2025-04-20T21:11:29","slug":"curso-ingles-certificado-oficial-policia-nacional","status":"publish","type":"page","link":"https:\/\/academia-de-ingles-alex-bell.com\/?page_id=74247","title":{"rendered":"Curso de Ingl\u00e9s con Certificado Oficial - Polic\u00eda Nacional"},"content":{"rendered":"","protected":false},"excerpt":{"rendered":"","protected":false},"author":1,"featured_media":74180,"parent":0,"menu_order":0,"comment_status":"closed","ping_status":"closed","template":"","meta":{"_joinchat":[],"footnotes":""},"class_list":["post-74247","page","type-page","status-publish","has-post-thumbnail","hentry"],"yoast_head":"<!-- This site is optimized with the Yoast SEO plugin v27.4 - https:\/\/yoast.com\/product\/yoast-seo-wordpress\/ -->\n<title>\u2705 Curso de Ingl\u00e9s con Certificado - Polic\u00eda Nacional - Inglessa<\/title>\n<meta name=\"description\" content=\"Si necesitas conseguir el t\u00edtulo para tus oposiciones para Polic\u00eda Nacional, este es tu curso. Te explicamos la manera m\u00e1s f\u00e1cil y directa.\" \/>\n<meta name=\"robots\" content=\"index, follow, max-snippet:-1, max-image-preview:large, max-video-preview:-1\" \/>\n<link rel=\"canonical\" href=\"https:\/\/academia-de-ingles-alex-bell.com\/?page_id=74247\" \/>\n<meta property=\"og:locale\" content=\"es_ES\" \/>\n<meta property=\"og:type\" content=\"article\" \/>\n<meta property=\"og:title\" content=\"\u2705 Curso de Ingl\u00e9s con Certificado - Polic\u00eda Nacional - Inglessa\" \/>\n<meta property=\"og:description\" content=\"Si necesitas conseguir el t\u00edtulo para tus oposiciones para Polic\u00eda Nacional, este es tu curso. Te explicamos la manera m\u00e1s f\u00e1cil y directa.\" \/>\n<meta property=\"og:url\" content=\"https:\/\/academia-de-ingles-alex-bell.com\/?page_id=74247\" \/>\n<meta property=\"og:site_name\" content=\"Inglessa\" \/>\n<meta property=\"article:publisher\" content=\"https:\/\/www.facebook.com\/inglessatenerife\/\" \/>\n<meta property=\"article:modified_time\" content=\"2025-04-20T21:11:29+00:00\" \/>\n<meta property=\"og:image\" content=\"https:\/\/academia-de-ingles-alex-bell.com\/wp-content\/uploads\/2024\/03\/Oxford-Logo.png\" \/>\n\t<meta property=\"og:image:width\" content=\"135\" \/>\n\t<meta property=\"og:image:height\" content=\"135\" \/>\n\t<meta property=\"og:image:type\" content=\"image\/png\" \/>\n<meta name=\"twitter:card\" content=\"summary_large_image\" \/>\n<meta name=\"twitter:label1\" content=\"Tiempo de lectura\" \/>\n\t<meta name=\"twitter:data1\" content=\"14 minutos\" \/>\n<script type=\"application\/ld+json\" class=\"yoast-schema-graph\">{\"@context\":\"https:\\\/\\\/schema.org\",\"@graph\":[{\"@type\":\"WebPage\",\"@id\":\"https:\\\/\\\/academia-de-ingles-alex-bell.com\\\/?page_id=74247\",\"url\":\"https:\\\/\\\/academia-de-ingles-alex-bell.com\\\/?page_id=74247\",\"name\":\"\u2705 Curso de Ingl\u00e9s con Certificado - Polic\u00eda Nacional - Inglessa\",\"isPartOf\":{\"@id\":\"https:\\\/\\\/academia-de-ingles-alex-bell.com\\\/#website\"},\"primaryImageOfPage\":{\"@id\":\"https:\\\/\\\/academia-de-ingles-alex-bell.com\\\/?page_id=74247#primaryimage\"},\"image\":{\"@id\":\"https:\\\/\\\/academia-de-ingles-alex-bell.com\\\/?page_id=74247#primaryimage\"},\"thumbnailUrl\":\"https:\\\/\\\/academia-de-ingles-alex-bell.com\\\/wp-content\\\/uploads\\\/2024\\\/03\\\/Oxford-Logo.png\",\"datePublished\":\"2024-08-04T13:55:35+00:00\",\"dateModified\":\"2025-04-20T21:11:29+00:00\",\"description\":\"Si necesitas conseguir el t\u00edtulo para tus oposiciones para Polic\u00eda Nacional, este es tu curso. Te explicamos la manera m\u00e1s f\u00e1cil y directa.\",\"breadcrumb\":{\"@id\":\"https:\\\/\\\/academia-de-ingles-alex-bell.com\\\/?page_id=74247#breadcrumb\"},\"inLanguage\":\"es\",\"potentialAction\":[{\"@type\":\"ReadAction\",\"target\":[\"https:\\\/\\\/academia-de-ingles-alex-bell.com\\\/?page_id=74247\"]}]},{\"@type\":\"ImageObject\",\"inLanguage\":\"es\",\"@id\":\"https:\\\/\\\/academia-de-ingles-alex-bell.com\\\/?page_id=74247#primaryimage\",\"url\":\"https:\\\/\\\/academia-de-ingles-alex-bell.com\\\/wp-content\\\/uploads\\\/2024\\\/03\\\/Oxford-Logo.png\",\"contentUrl\":\"https:\\\/\\\/academia-de-ingles-alex-bell.com\\\/wp-content\\\/uploads\\\/2024\\\/03\\\/Oxford-Logo.png\",\"width\":135,\"height\":135,\"caption\":\"Oxford Test of English Logo\"},{\"@type\":\"BreadcrumbList\",\"@id\":\"https:\\\/\\\/academia-de-ingles-alex-bell.com\\\/?page_id=74247#breadcrumb\",\"itemListElement\":[{\"@type\":\"ListItem\",\"position\":1,\"name\":\"Portada\",\"item\":\"https:\\\/\\\/academia-de-ingles-alex-bell.com\\\/\"},{\"@type\":\"ListItem\",\"position\":2,\"name\":\"Curso de Ingl\u00e9s con Certificado Oficial - Polic\u00eda Nacional\"}]},{\"@type\":\"WebSite\",\"@id\":\"https:\\\/\\\/academia-de-ingles-alex-bell.com\\\/#website\",\"url\":\"https:\\\/\\\/academia-de-ingles-alex-bell.com\\\/\",\"name\":\"Inglessa\",\"description\":\"\",\"publisher\":{\"@id\":\"https:\\\/\\\/academia-de-ingles-alex-bell.com\\\/#organization\"},\"potentialAction\":[{\"@type\":\"SearchAction\",\"target\":{\"@type\":\"EntryPoint\",\"urlTemplate\":\"https:\\\/\\\/academia-de-ingles-alex-bell.com\\\/?s={search_term_string}\"},\"query-input\":{\"@type\":\"PropertyValueSpecification\",\"valueRequired\":true,\"valueName\":\"search_term_string\"}}],\"inLanguage\":\"es\"},{\"@type\":\"Organization\",\"@id\":\"https:\\\/\\\/academia-de-ingles-alex-bell.com\\\/#organization\",\"name\":\"Inglessa\",\"url\":\"https:\\\/\\\/academia-de-ingles-alex-bell.com\\\/\",\"logo\":{\"@type\":\"ImageObject\",\"inLanguage\":\"es\",\"@id\":\"https:\\\/\\\/academia-de-ingles-alex-bell.com\\\/#\\\/schema\\\/logo\\\/image\\\/\",\"url\":\"http:\\\/\\\/academia-de-ingles-alex-bell.com\\\/wp-content\\\/uploads\\\/2018\\\/08\\\/modelo-web-formato-oro3.png\",\"contentUrl\":\"http:\\\/\\\/academia-de-ingles-alex-bell.com\\\/wp-content\\\/uploads\\\/2018\\\/08\\\/modelo-web-formato-oro3.png\",\"width\":237,\"height\":64,\"caption\":\"Inglessa\"},\"image\":{\"@id\":\"https:\\\/\\\/academia-de-ingles-alex-bell.com\\\/#\\\/schema\\\/logo\\\/image\\\/\"},\"sameAs\":[\"https:\\\/\\\/www.facebook.com\\\/inglessatenerife\\\/\"]}]}<\/script>\n<!-- \/ Yoast SEO plugin. -->","yoast_head_json":{"title":"\u2705 Curso de Ingl\u00e9s con Certificado - Polic\u00eda Nacional - Inglessa","description":"Si necesitas conseguir el t\u00edtulo para tus oposiciones para Polic\u00eda Nacional, este es tu curso. Te explicamos la manera m\u00e1s f\u00e1cil y directa.","robots":{"index":"index","follow":"follow","max-snippet":"max-snippet:-1","max-image-preview":"max-image-preview:large","max-video-preview":"max-video-preview:-1"},"canonical":"https:\/\/academia-de-ingles-alex-bell.com\/?page_id=74247","og_locale":"es_ES","og_type":"article","og_title":"\u2705 Curso de Ingl\u00e9s con Certificado - Polic\u00eda Nacional - Inglessa","og_description":"Si necesitas conseguir el t\u00edtulo para tus oposiciones para Polic\u00eda Nacional, este es tu curso. Te explicamos la manera m\u00e1s f\u00e1cil y directa.","og_url":"https:\/\/academia-de-ingles-alex-bell.com\/?page_id=74247","og_site_name":"Inglessa","article_publisher":"https:\/\/www.facebook.com\/inglessatenerife\/","article_modified_time":"2025-04-20T21:11:29+00:00","og_image":[{"width":135,"height":135,"url":"https:\/\/academia-de-ingles-alex-bell.com\/wp-content\/uploads\/2024\/03\/Oxford-Logo.png","type":"image\/png"}],"twitter_card":"summary_large_image","twitter_misc":{"Tiempo de lectura":"14 minutos"},"schema":{"@context":"https:\/\/schema.org","@graph":[{"@type":"WebPage","@id":"https:\/\/academia-de-ingles-alex-bell.com\/?page_id=74247","url":"https:\/\/academia-de-ingles-alex-bell.com\/?page_id=74247","name":"\u2705 Curso de Ingl\u00e9s con Certificado - Polic\u00eda Nacional - Inglessa","isPartOf":{"@id":"https:\/\/academia-de-ingles-alex-bell.com\/#website"},"primaryImageOfPage":{"@id":"https:\/\/academia-de-ingles-alex-bell.com\/?page_id=74247#primaryimage"},"image":{"@id":"https:\/\/academia-de-ingles-alex-bell.com\/?page_id=74247#primaryimage"},"thumbnailUrl":"https:\/\/academia-de-ingles-alex-bell.com\/wp-content\/uploads\/2024\/03\/Oxford-Logo.png","datePublished":"2024-08-04T13:55:35+00:00","dateModified":"2025-04-20T21:11:29+00:00","description":"Si necesitas conseguir el t\u00edtulo para tus oposiciones para Polic\u00eda Nacional, este es tu curso. Te explicamos la manera m\u00e1s f\u00e1cil y directa.","breadcrumb":{"@id":"https:\/\/academia-de-ingles-alex-bell.com\/?page_id=74247#breadcrumb"},"inLanguage":"es","potentialAction":[{"@type":"ReadAction","target":["https:\/\/academia-de-ingles-alex-bell.com\/?page_id=74247"]}]},{"@type":"ImageObject","inLanguage":"es","@id":"https:\/\/academia-de-ingles-alex-bell.com\/?page_id=74247#primaryimage","url":"https:\/\/academia-de-ingles-alex-bell.com\/wp-content\/uploads\/2024\/03\/Oxford-Logo.png","contentUrl":"https:\/\/academia-de-ingles-alex-bell.com\/wp-content\/uploads\/2024\/03\/Oxford-Logo.png","width":135,"height":135,"caption":"Oxford Test of English Logo"},{"@type":"BreadcrumbList","@id":"https:\/\/academia-de-ingles-alex-bell.com\/?page_id=74247#breadcrumb","itemListElement":[{"@type":"ListItem","position":1,"name":"Portada","item":"https:\/\/academia-de-ingles-alex-bell.com\/"},{"@type":"ListItem","position":2,"name":"Curso de Ingl\u00e9s con Certificado Oficial - Polic\u00eda Nacional"}]},{"@type":"WebSite","@id":"https:\/\/academia-de-ingles-alex-bell.com\/#website","url":"https:\/\/academia-de-ingles-alex-bell.com\/","name":"Inglessa","description":"","publisher":{"@id":"https:\/\/academia-de-ingles-alex-bell.com\/#organization"},"potentialAction":[{"@type":"SearchAction","target":{"@type":"EntryPoint","urlTemplate":"https:\/\/academia-de-ingles-alex-bell.com\/?s={search_term_string}"},"query-input":{"@type":"PropertyValueSpecification","valueRequired":true,"valueName":"search_term_string"}}],"inLanguage":"es"},{"@type":"Organization","@id":"https:\/\/academia-de-ingles-alex-bell.com\/#organization","name":"Inglessa","url":"https:\/\/academia-de-ingles-alex-bell.com\/","logo":{"@type":"ImageObject","inLanguage":"es","@id":"https:\/\/academia-de-ingles-alex-bell.com\/#\/schema\/logo\/image\/","url":"http:\/\/academia-de-ingles-alex-bell.com\/wp-content\/uploads\/2018\/08\/modelo-web-formato-oro3.png","contentUrl":"http:\/\/academia-de-ingles-alex-bell.com\/wp-content\/uploads\/2018\/08\/modelo-web-formato-oro3.png","width":237,"height":64,"caption":"Inglessa"},"image":{"@id":"https:\/\/academia-de-ingles-alex-bell.com\/#\/schema\/logo\/image\/"},"sameAs":["https:\/\/www.facebook.com\/inglessatenerife\/"]}]}},"_links":{"self":[{"href":"https:\/\/academia-de-ingles-alex-bell.com\/index.php?rest_route=\/wp\/v2\/pages\/74247","targetHints":{"allow":["GET"]}}],"collection":[{"href":"https:\/\/academia-de-ingles-alex-bell.com\/index.php?rest_route=\/wp\/v2\/pages"}],"about":[{"href":"https:\/\/academia-de-ingles-alex-bell.com\/index.php?rest_route=\/wp\/v2\/types\/page"}],"author":[{"embeddable":true,"href":"https:\/\/academia-de-ingles-alex-bell.com\/index.php?rest_route=\/wp\/v2\/users\/1"}],"replies":[{"embeddable":true,"href":"https:\/\/academia-de-ingles-alex-bell.com\/index.php?rest_route=%2Fwp%2Fv2%2Fcomments&post=74247"}],"version-history":[{"count":1,"href":"https:\/\/academia-de-ingles-alex-bell.com\/index.php?rest_route=\/wp\/v2\/pages\/74247\/revisions"}],"predecessor-version":[{"id":74248,"href":"https:\/\/academia-de-ingles-alex-bell.com\/index.php?rest_route=\/wp\/v2\/pages\/74247\/revisions\/74248"}],"wp:featuredmedia":[{"embeddable":true,"href":"https:\/\/academia-de-ingles-alex-bell.com\/index.php?rest_route=\/wp\/v2\/media\/74180"}],"wp:attachment":[{"href":"https:\/\/academia-de-ingles-alex-bell.com\/index.php?rest_route=%2Fwp%2Fv2%2Fmedia&parent=74247"}],"curies":[{"name":"wp","href":"https:\/\/api.w.org\/{rel}","templated":true}]}}